{"id":101,"date":"2018-02-16T21:36:55","date_gmt":"2018-02-16T20:36:55","guid":{"rendered":"http:\/\/test.abbisp.dk\/?page_id=101"},"modified":"2023-09-21T11:57:10","modified_gmt":"2023-09-21T10:57:10","slug":"bestyrelsen","status":"publish","type":"page","link":"https:\/\/www.abbisp.dk\/index.php\/beboerhandbog\/bestyrelsen\/","title":{"rendered":"Bestyrelsen"},"content":{"rendered":"<p>Bestyrelsen best\u00e5r af fem til syv medlemmer, som v\u00e6lges forskudt for to \u00e5r af gangen.<\/p>\n<p>Bestyrelsen best\u00e5r for tiden af:<\/p>\n<p>Formand: Karen Bang-Rasmussen<br \/>\nN\u00e6stformand: Richard Glenn Childress<br \/>\nKasserer: Felicia W. Larsen<\/p>\n<p>Medlem: Sofie Rye<br \/>\nMedlem: Cecilie Nybro Bonde<br \/>\nMedlem: Casper Angelo<\/p>\n<p><strong>Kontakt bestyrelsen<\/strong><\/p>\n<p>Bestyrelsen kan tr\u00e6ffes, hver den f\u00f8rste mandag i m\u00e5neden, kl 19:30 til 20:00 p\u00e5 kontoret i Bodilsgade.<\/p>\n<p>Hvis du ikke har mulighed for at m\u00f8de p\u00e5 kontoret i \u00e5bningstiden, kan du kontakte bestyrelsen skriftligt, til foreningens adresse i Bodilsgade.<\/p>\n<p>Bestyrelsen kan ikke kontaktes telefonisk eller via e-mail.<\/p>\n","protected":false},"excerpt":{"rendered":"<p>Bestyrelsen best\u00e5r af fem til syv medlemmer, som v\u00e6lges forskudt for to \u00e5r af gangen. Bestyrelsen best\u00e5r for tiden af: Formand: Karen Bang-Rasmussen N\u00e6stformand: Richard Glenn Childress Kasserer: Felicia W. Larsen Medlem: Sofie Rye Medlem: Cecilie Nybro Bonde Medlem: Casper Angelo Kontakt bestyrelsen Bestyrelsen kan tr\u00e6ffes, hver den f\u00f8rste mandag i m\u00e5neden, kl 19:30 til [&hellip;]<\/p>\n","protected":false},"author":1,"featured_media":0,"parent":80,"menu_order":0,"comment_status":"closed","ping_status":"closed","template":"","meta":{"footnotes":""},"class_list":["post-101","page","type-page","status-publish","czr-hentry"],"_links":{"self":[{"href":"https:\/\/www.abbisp.dk\/index.php\/wp-json\/wp\/v2\/pages\/101","targetHints":{"allow":["GET"]}}],"collection":[{"href":"https:\/\/www.abbisp.dk\/index.php\/wp-json\/wp\/v2\/pages"}],"about":[{"href":"https:\/\/www.abbisp.dk\/index.php\/wp-json\/wp\/v2\/types\/page"}],"author":[{"embeddable":true,"href":"https:\/\/www.abbisp.dk\/index.php\/wp-json\/wp\/v2\/users\/1"}],"replies":[{"embeddable":true,"href":"https:\/\/www.abbisp.dk\/index.php\/wp-json\/wp\/v2\/comments?post=101"}],"version-history":[{"count":7,"href":"https:\/\/www.abbisp.dk\/index.php\/wp-json\/wp\/v2\/pages\/101\/revisions"}],"predecessor-version":[{"id":297,"href":"https:\/\/www.abbisp.dk\/index.php\/wp-json\/wp\/v2\/pages\/101\/revisions\/297"}],"up":[{"embeddable":true,"href":"https:\/\/www.abbisp.dk\/index.php\/wp-json\/wp\/v2\/pages\/80"}],"wp:attachment":[{"href":"https:\/\/www.abbisp.dk\/index.php\/wp-json\/wp\/v2\/media?parent=101"}],"curies":[{"name":"wp","href":"https:\/\/api.w.org\/{rel}","templated":true}]}}