{"id":207,"date":"2018-02-17T21:35:51","date_gmt":"2018-02-17T20:35:51","guid":{"rendered":"http:\/\/www.abbisp.dk\/?page_id=207"},"modified":"2018-02-19T08:31:50","modified_gmt":"2018-02-19T07:31:50","slug":"airbnb-fremleje","status":"publish","type":"page","link":"https:\/\/www.abbisp.dk\/index.php\/beboerhandbog\/airbnb-fremleje\/","title":{"rendered":"AirBnB &#038; fremleje"},"content":{"rendered":"<p><strong>Korttids\/ferie udlejning (AirBnB)<\/strong><\/p>\n<p>Det er tilladt at leje sin andel ud p\u00e5 korttidsplan, s\u00e5 l\u00e6nge der ikke er tale om erhvervs-lignende udlejning.<\/p>\n<p>Du m\u00e5 leje din andel ud op til 49 dage om \u00e5ret, og h\u00f8jest 9 perioder om \u00e5ret.<\/p>\n<p>N\u00e5r du lejer ud skal du huske at v\u00e6re opm\u00e6rksom p\u00e5 f\u00f8lgende:<\/p>\n<ul>\n<li>Du skal informere dine naboer med et opslag i opgangen, hvor der fremg\u00e5r hvordan dine naboer kan f\u00e5 fat p\u00e5 dig hvis det er n\u00f8dvendigt<\/li>\n<li>Du skal s\u00f8rge for at lejerne er bekendt med husordenen<\/li>\n<li>Det er dig som andelshaver der er ansvarlig for lejerne overholder husordenen<\/li>\n<li>Du skal s\u00f8rge for at lejerne ved hvordan de skal sortere affald i g\u00e5rden<\/li>\n<li>Hvis du gentagende gange har lejere som overtr\u00e6der husordenen, er det dig som andelshaver der ekskluderes fra foreningen<\/li>\n<\/ul>\n<p>Kortidsudlejning skal ikke godkendes af bestyrelsen.<\/p>\n<p><strong>Fremleje af andel<\/strong><\/p>\n<p>Det er tilladt at fremleje sin andel i op til 2 \u00e5r, hvis man er midlertidigt v\u00e6k fra sin lejlighed.<br \/>\nMidlertidig fraflytning kan fx skyldes:<\/p>\n<ul>\n<li>Udstationering<\/li>\n<li>Turnusophold<\/li>\n<li>Projektans\u00e6ttelser<\/li>\n<li>F\u00e6ngselsophold<\/li>\n<\/ul>\n<p>Ved fremleje g\u00e6lder de samme regler ang husorden, som ved korttidsudlejning.<\/p>\n<p>Du kan ikke fremleje din andel, hvis du fraflytter p\u00e5 ubestemt tid &#8211; fx for at flytte sammen med en k\u00e6reste, eller for at &#8220;pr\u00f8ve at bo p\u00e5 landet et stykke tid&#8221; el.lign.<\/p>\n<p>Fremlejer skal godkendes af bestyrelsen<\/p>\n","protected":false},"excerpt":{"rendered":"<p>Korttids\/ferie udlejning (AirBnB) Det er tilladt at leje sin andel ud p\u00e5 korttidsplan, s\u00e5 l\u00e6nge der ikke er tale om erhvervs-lignende udlejning. Du m\u00e5 leje din andel ud op til 49 dage om \u00e5ret, og h\u00f8jest 9 perioder om \u00e5ret. N\u00e5r du lejer ud skal du huske at v\u00e6re opm\u00e6rksom p\u00e5 f\u00f8lgende: Du skal informere [&hellip;]<\/p>\n","protected":false},"author":1,"featured_media":0,"parent":80,"menu_order":0,"comment_status":"closed","ping_status":"closed","template":"","meta":{"footnotes":""},"class_list":["post-207","page","type-page","status-publish","czr-hentry"],"_links":{"self":[{"href":"https:\/\/www.abbisp.dk\/index.php\/wp-json\/wp\/v2\/pages\/207","targetHints":{"allow":["GET"]}}],"collection":[{"href":"https:\/\/www.abbisp.dk\/index.php\/wp-json\/wp\/v2\/pages"}],"about":[{"href":"https:\/\/www.abbisp.dk\/index.php\/wp-json\/wp\/v2\/types\/page"}],"author":[{"embeddable":true,"href":"https:\/\/www.abbisp.dk\/index.php\/wp-json\/wp\/v2\/users\/1"}],"replies":[{"embeddable":true,"href":"https:\/\/www.abbisp.dk\/index.php\/wp-json\/wp\/v2\/comments?post=207"}],"version-history":[{"count":7,"href":"https:\/\/www.abbisp.dk\/index.php\/wp-json\/wp\/v2\/pages\/207\/revisions"}],"predecessor-version":[{"id":219,"href":"https:\/\/www.abbisp.dk\/index.php\/wp-json\/wp\/v2\/pages\/207\/revisions\/219"}],"up":[{"embeddable":true,"href":"https:\/\/www.abbisp.dk\/index.php\/wp-json\/wp\/v2\/pages\/80"}],"wp:attachment":[{"href":"https:\/\/www.abbisp.dk\/index.php\/wp-json\/wp\/v2\/media?parent=207"}],"curies":[{"name":"wp","href":"https:\/\/api.w.org\/{rel}","templated":true}]}}