{"id":80,"date":"2018-02-16T21:25:36","date_gmt":"2018-02-16T21:25:36","guid":{"rendered":"http:\/\/test.abbisp.dk\/?page_id=80"},"modified":"2018-02-19T10:02:04","modified_gmt":"2018-02-19T09:02:04","slug":"beboerhandbog","status":"publish","type":"page","link":"https:\/\/www.abbisp.dk\/index.php\/beboerhandbog\/","title":{"rendered":"Beboerh\u00e5ndbog"},"content":{"rendered":"<p><strong><a href=\"http:\/\/www.abbisp.dk\/index.php\/beboerhandbog\/hvad-gor-jeg-hvis\/\">Hvad g\u00f8r jeg hvis?<\/a><\/strong><\/p>\n<ul>\n<li>Vandskade<\/li>\n<li>Ingen str\u00f8m\/vand\/varme<\/li>\n<\/ul>\n<p><strong><a href=\"http:\/\/www.abbisp.dk\/index.php\/beboerhandbog\/vicevaert\/\">Vicev\u00e6rt<\/a><\/strong><\/p>\n<ul>\n<li>Hvorn\u00e5r skal jeg ringe\/sms\/email?<\/li>\n<li>Hvad er foreningens ansvar og hvad er dit?<\/li>\n<\/ul>\n<p><strong><a href=\"http:\/\/www.abbisp.dk\/index.php\/beboerhandbog\/garden\/\">G\u00e5rden<\/a><\/strong><\/p>\n<ul>\n<li>Brug af g\u00e5rden til fester<\/li>\n<li>Cykler i g\u00e5rden<\/li>\n<li>Plantekasser<\/li>\n<li>Byttehj\u00f8rnet<\/li>\n<li>daglig oprydning efter sig selv og sine b\u00f8rn<\/li>\n<li>Husdyr<\/li>\n<\/ul>\n<p><strong><a href=\"http:\/\/www.abbisp.dk\/index.php\/beboerhandbog\/brandsikring\/\">Brandsikring<\/a><\/strong><\/p>\n<ul>\n<li>Trapperne<\/li>\n<li>K\u00e6lderd\u00f8ren<\/li>\n<li>grill\/brandhensyn p\u00e5 altaner<\/li>\n<\/ul>\n<p><strong><a href=\"http:\/\/www.abbisp.dk\/index.php\/beboerhandbog\/adgang\/\">Adgang<\/a><\/strong><\/p>\n<ul>\n<li>N\u00f8gler<\/li>\n<li>Aarstiderne, post, reklamer osv<\/li>\n<\/ul>\n<p><strong><a href=\"http:\/\/www.abbisp.dk\/index.php\/beboerhandbog\/affald\/\">Affald<\/a><\/strong><\/p>\n<ul>\n<li>Sortering<\/li>\n<li>Meget store ting udenfor skuret<\/li>\n<\/ul>\n<p><strong><a href=\"http:\/\/www.abbisp.dk\/index.php\/beboerhandbog\/ombygning\/\">Ombygning<\/a><\/strong><\/p>\n<ul>\n<li>K\u00f8replan, mindre arbejde<\/li>\n<li>K\u00f8replan, st\u00f8rre arbejde<\/li>\n<li>K\u00f8replan, sammenl\u00e6gning<\/li>\n<\/ul>\n<p>Vicev\u00e6rt SKAL kontaktes inden byggesager med vand og gas<\/p>\n<p><strong><a href=\"http:\/\/www.abbisp.dk\/index.php\/beboerhandbog\/administrator\/\">Administrator<\/a><\/strong><\/p>\n<ul>\n<li>Opskrivning p\u00e5 venteliste<\/li>\n<li>Fraflytning og salg<\/li>\n<\/ul>\n<p><strong><a href=\"http:\/\/www.abbisp.dk\/index.php\/beboerhandbog\/bestyrelsen\/\">Bestyrelsen<\/a><\/strong><\/p>\n<ul>\n<li>Hvem er vi<\/li>\n<li>m\u00f8detid<\/li>\n<\/ul>\n<p><strong>Facebookgruppe<\/strong><\/p>\n","protected":false},"excerpt":{"rendered":"<p>Hvad g\u00f8r jeg hvis? Vandskade Ingen str\u00f8m\/vand\/varme Vicev\u00e6rt Hvorn\u00e5r skal jeg ringe\/sms\/email? Hvad er foreningens ansvar og hvad er dit? G\u00e5rden Brug af g\u00e5rden til fester Cykler i g\u00e5rden Plantekasser Byttehj\u00f8rnet daglig oprydning efter sig selv og sine b\u00f8rn Husdyr Brandsikring Trapperne K\u00e6lderd\u00f8ren grill\/brandhensyn p\u00e5 altaner Adgang N\u00f8gler Aarstiderne, post, reklamer osv Affald Sortering Meget [&hellip;]<\/p>\n","protected":false},"author":1,"featured_media":0,"parent":0,"menu_order":0,"comment_status":"closed","ping_status":"closed","template":"","meta":{"footnotes":""},"class_list":["post-80","page","type-page","status-publish","czr-hentry"],"_links":{"self":[{"href":"https:\/\/www.abbisp.dk\/index.php\/wp-json\/wp\/v2\/pages\/80","targetHints":{"allow":["GET"]}}],"collection":[{"href":"https:\/\/www.abbisp.dk\/index.php\/wp-json\/wp\/v2\/pages"}],"about":[{"href":"https:\/\/www.abbisp.dk\/index.php\/wp-json\/wp\/v2\/types\/page"}],"author":[{"embeddable":true,"href":"https:\/\/www.abbisp.dk\/index.php\/wp-json\/wp\/v2\/users\/1"}],"replies":[{"embeddable":true,"href":"https:\/\/www.abbisp.dk\/index.php\/wp-json\/wp\/v2\/comments?post=80"}],"version-history":[{"count":5,"href":"https:\/\/www.abbisp.dk\/index.php\/wp-json\/wp\/v2\/pages\/80\/revisions"}],"predecessor-version":[{"id":224,"href":"https:\/\/www.abbisp.dk\/index.php\/wp-json\/wp\/v2\/pages\/80\/revisions\/224"}],"wp:attachment":[{"href":"https:\/\/www.abbisp.dk\/index.php\/wp-json\/wp\/v2\/media?parent=80"}],"curies":[{"name":"wp","href":"https:\/\/api.w.org\/{rel}","templated":true}]}}