{"id":85,"date":"2018-02-16T21:34:34","date_gmt":"2018-02-16T21:34:34","guid":{"rendered":"http:\/\/test.abbisp.dk\/?page_id=85"},"modified":"2019-04-02T09:40:31","modified_gmt":"2019-04-02T08:40:31","slug":"hvad-gor-jeg-hvis","status":"publish","type":"page","link":"https:\/\/www.abbisp.dk\/index.php\/beboerhandbog\/hvad-gor-jeg-hvis\/","title":{"rendered":"Hvad g\u00f8r jeg hvis?"},"content":{"rendered":"<p><strong>Jeg har vandskade?<\/strong><\/p>\n<p>Hvis du har mulighed for det, skal du lukke for vandet s\u00e5 hurtigt som muligt!<br \/>\nKontakt vicev\u00e6rten telefonisk.<\/p>\n<p><strong>Jeg mangler str\u00f8m?<\/strong><\/p>\n<p>Tjek dine egne sikringer, og kontakt s\u00e5 <a href=\"https:\/\/orsted.dk\/Privat\/Kundeservice\/Er-stroemmen-gaaet\" target=\"_blank\" rel=\"noopener noreferrer\">elforsyningsselskabet \u00d8rsted<\/a>.<br \/>\nForeningen har ikke ansvar for, eller indflydelse p\u00e5, levering af str\u00f8m til beboerne.<\/p>\n<p><strong>Jeg mangler vand eller varme?<\/strong><\/p>\n<p>Skriv en email til vicev\u00e6rten, s\u00e5 vil han afklare om det er et lokalt eller et generelt problem.<\/p>\n<p><strong>Mine naboer larmer?<\/strong><\/p>\n<p>Den absolut bedste m\u00e5de at h\u00e5ndtere nabostridigheder, er ved at tale sammen! Bank p\u00e5 og bed dem om at d\u00e6mpe sig, det virker langt de fleste gange.<\/p>\n<p>Ved gentagende overtr\u00e6delser af husorden, kan det selvf\u00f8lgeligt v\u00e6re n\u00f8dvendigt at drage bestyrelsen ind i sagen. Hvis bestyrelsen skal kunne g\u00e5 ind i en nabostrid, er det vigtigt at du snakker med andre i opgangen f\u00f8rst, s\u00e5 I kan komme med en samlet klage.<\/p>\n","protected":false},"excerpt":{"rendered":"<p>Jeg har vandskade? Hvis du har mulighed for det, skal du lukke for vandet s\u00e5 hurtigt som muligt! Kontakt vicev\u00e6rten telefonisk. Jeg mangler str\u00f8m? Tjek dine egne sikringer, og kontakt s\u00e5 elforsyningsselskabet \u00d8rsted. Foreningen har ikke ansvar for, eller indflydelse p\u00e5, levering af str\u00f8m til beboerne. Jeg mangler vand eller varme? Skriv en email til [&hellip;]<\/p>\n","protected":false},"author":1,"featured_media":0,"parent":80,"menu_order":0,"comment_status":"closed","ping_status":"closed","template":"","meta":{"footnotes":""},"class_list":["post-85","page","type-page","status-publish","czr-hentry"],"_links":{"self":[{"href":"https:\/\/www.abbisp.dk\/index.php\/wp-json\/wp\/v2\/pages\/85","targetHints":{"allow":["GET"]}}],"collection":[{"href":"https:\/\/www.abbisp.dk\/index.php\/wp-json\/wp\/v2\/pages"}],"about":[{"href":"https:\/\/www.abbisp.dk\/index.php\/wp-json\/wp\/v2\/types\/page"}],"author":[{"embeddable":true,"href":"https:\/\/www.abbisp.dk\/index.php\/wp-json\/wp\/v2\/users\/1"}],"replies":[{"embeddable":true,"href":"https:\/\/www.abbisp.dk\/index.php\/wp-json\/wp\/v2\/comments?post=85"}],"version-history":[{"count":4,"href":"https:\/\/www.abbisp.dk\/index.php\/wp-json\/wp\/v2\/pages\/85\/revisions"}],"predecessor-version":[{"id":240,"href":"https:\/\/www.abbisp.dk\/index.php\/wp-json\/wp\/v2\/pages\/85\/revisions\/240"}],"up":[{"embeddable":true,"href":"https:\/\/www.abbisp.dk\/index.php\/wp-json\/wp\/v2\/pages\/80"}],"wp:attachment":[{"href":"https:\/\/www.abbisp.dk\/index.php\/wp-json\/wp\/v2\/media?parent=85"}],"curies":[{"name":"wp","href":"https:\/\/api.w.org\/{rel}","templated":true}]}}