{"id":87,"date":"2018-02-16T21:34:50","date_gmt":"2018-02-16T20:34:50","guid":{"rendered":"http:\/\/test.abbisp.dk\/?page_id=87"},"modified":"2023-09-21T11:59:49","modified_gmt":"2023-09-21T10:59:49","slug":"vicevaert","status":"publish","type":"page","link":"https:\/\/www.abbisp.dk\/index.php\/beboerhandbog\/vicevaert\/","title":{"rendered":"Vicev\u00e6rt"},"content":{"rendered":"<p>Vores vicev\u00e6rts opgaver varetages af firmaet <a href=\"https:\/\/www.lundgruppen.dk\/\">Lund Gruppen<\/a>.<\/p>\n<p>Lund Gruppen kan kontaktes p\u00e5 f\u00f8lgende:<\/p>\n<p>Tlf: 38 89 01 55<br \/>\nemail: post@lundgrupen.dk<\/p>\n<p><strong>Hvorn\u00e5r skal jeg ringe eller sender email?<\/strong><\/p>\n<p>Ring til vicev\u00e6rten, hvis du st\u00e5r med en akut uops\u00e6ttelig situation, som der <em>skal<\/em> tages h\u00e5nd om <em>nu!<\/em><\/p>\n<p>Skriv en email hvis det faktisk godt kan vente til i morgen, eller p\u00e5 mandag.<\/p>\n<p><strong>Hvad er foreningens ansvar og hvad er mit?<\/strong><\/p>\n<p>Forsimplet sagt, s\u00e5 er alt det der er inde i din lejlighed dit ansvar, og alt det andet er foreningens ansvar.<\/p>\n<p>Lodrette vandr\u00f8r, varmer\u00f8r, radiatorer, d\u00f8re og vinduer er foreningens ansvar.<\/p>\n","protected":false},"excerpt":{"rendered":"<p>Vores vicev\u00e6rts opgaver varetages af firmaet Lund Gruppen. Lund Gruppen kan kontaktes p\u00e5 f\u00f8lgende: Tlf: 38 89 01 55 email: post@lundgrupen.dk Hvorn\u00e5r skal jeg ringe eller sender email? Ring til vicev\u00e6rten, hvis du st\u00e5r med en akut uops\u00e6ttelig situation, som der skal tages h\u00e5nd om nu! Skriv en email hvis det faktisk godt kan vente [&hellip;]<\/p>\n","protected":false},"author":1,"featured_media":0,"parent":80,"menu_order":0,"comment_status":"closed","ping_status":"closed","template":"","meta":{"footnotes":""},"class_list":["post-87","page","type-page","status-publish","czr-hentry"],"_links":{"self":[{"href":"https:\/\/www.abbisp.dk\/index.php\/wp-json\/wp\/v2\/pages\/87","targetHints":{"allow":["GET"]}}],"collection":[{"href":"https:\/\/www.abbisp.dk\/index.php\/wp-json\/wp\/v2\/pages"}],"about":[{"href":"https:\/\/www.abbisp.dk\/index.php\/wp-json\/wp\/v2\/types\/page"}],"author":[{"embeddable":true,"href":"https:\/\/www.abbisp.dk\/index.php\/wp-json\/wp\/v2\/users\/1"}],"replies":[{"embeddable":true,"href":"https:\/\/www.abbisp.dk\/index.php\/wp-json\/wp\/v2\/comments?post=87"}],"version-history":[{"count":5,"href":"https:\/\/www.abbisp.dk\/index.php\/wp-json\/wp\/v2\/pages\/87\/revisions"}],"predecessor-version":[{"id":239,"href":"https:\/\/www.abbisp.dk\/index.php\/wp-json\/wp\/v2\/pages\/87\/revisions\/239"}],"up":[{"embeddable":true,"href":"https:\/\/www.abbisp.dk\/index.php\/wp-json\/wp\/v2\/pages\/80"}],"wp:attachment":[{"href":"https:\/\/www.abbisp.dk\/index.php\/wp-json\/wp\/v2\/media?parent=87"}],"curies":[{"name":"wp","href":"https:\/\/api.w.org\/{rel}","templated":true}]}}