{"id":89,"date":"2018-02-16T21:35:06","date_gmt":"2018-02-16T21:35:06","guid":{"rendered":"http:\/\/test.abbisp.dk\/?page_id=89"},"modified":"2018-02-19T10:20:32","modified_gmt":"2018-02-19T09:20:32","slug":"garden","status":"publish","type":"page","link":"https:\/\/www.abbisp.dk\/index.php\/beboerhandbog\/garden\/","title":{"rendered":"G\u00e5rden"},"content":{"rendered":"<p><strong>Cykler i g\u00e5rden<\/strong><img loading=\"lazy\" decoding=\"async\" src=\"http:\/\/test.abbisp.dk\/wp-content\/uploads\/2018\/02\/BISP_Gaard-300x225.jpg\" alt=\"\" width=\"300\" height=\"225\" class=\"alignright size-medium wp-image-38\" srcset=\"https:\/\/www.abbisp.dk\/wp-content\/uploads\/2018\/02\/BISP_Gaard-300x225.jpg 300w, https:\/\/www.abbisp.dk\/wp-content\/uploads\/2018\/02\/BISP_Gaard-768x576.jpg 768w, https:\/\/www.abbisp.dk\/wp-content\/uploads\/2018\/02\/BISP_Gaard-1024x768.jpg 1024w, https:\/\/www.abbisp.dk\/wp-content\/uploads\/2018\/02\/BISP_Gaard.jpg 2000w\" sizes=\"auto, (max-width: 300px) 100vw, 300px\" \/><\/p>\n<p>Det er ikke tilladt at parkere cykler i g\u00e5rden.<\/p>\n<p>Der er lejlighedsvis undtagelser, fx nyt\u00e5rsaften, distortion o.lign.<\/p>\n<p><strong>Plantekasser<\/strong><\/p>\n<p>De plantekasser der st\u00e5r i g\u00e5rden, er til fri afbenyttelse. Vis hensyn overfor andres planteprojekter.<\/p>\n<p><strong>Byttehj\u00f8rnet<\/strong><\/p>\n<p>Byttehj\u00f8rnet i tr\u00e6skuret ved storskrald, er til funktionelle, hele ting som andre kan f\u00e5 gl\u00e6de af. S\u00f8g venligst for at de ting du s\u00e6tte i bytterummet, er pakket ud og pr\u00e6senteret synligt. En fyldt s\u00e6k der bare er smidt, betragtes som affald og smides ud.<\/p>\n<p>Man skulle ikke tro at det var n\u00f8dvendigt at skrive, men byttehj\u00f8rnet er <em>ikke<\/em> til:<\/p>\n<ul>\n<li><a href=\"http:\/\/www.abbisp.dk\/index.php\/beboerhandbog\/affald\/\">Glasaffald<\/a><\/li>\n<li><a href=\"http:\/\/www.abbisp.dk\/index.php\/beboerhandbog\/affald\/\">Kemikalieaffald<\/a><\/li>\n<li>Udslidt t\u00f8j<\/li>\n<li>Ikke rengjort k\u00f8kkenudstyr&#8230;<\/li>\n<li>Store m\u00f8bler<\/li>\n<li>H\u00e5rde hvidevare<\/li>\n<\/ul>\n<p>Byttehj\u00f8rnet er <em>ikke<\/em> en legeplads. Der er mange b\u00f8rn som ynder at finde sp\u00e6ndende ting i bytterummet &#8211; og det kan man jo godt forst\u00e5. Desv\u00e6rre er de ikke s\u00e5 gode til at passe p\u00e5 tingene, og s\u00f8rge for at de kommer tilbage i bytterummet i hel stand. S\u00e5 hvis dit barn skal kigge i bytterummet, s\u00e5 skal det foreg\u00e5 sammen med en voksen. <\/p>\n<p>Byttehj\u00f8rnet er ogs\u00e5 hjem for vores gamle tr\u00e6kvogn. Den er til fri afbenyttelse, hvis du skal flytte, skifte hjul p\u00e5 bilen, transportere tunge kasser til loppemarked, hvad end du skal bruge den til. Bare s\u00f8rg for at den kommer tilbage s\u00e5 snart som muligt &#8211; der er flere der bruger den end man lige tror.<\/p>\n<p><strong>Daglig oprydning efter sig selv og andre<\/strong><\/p>\n<p>Det siger sig selv, at I skal rydde op efter jer selv n\u00e5r I har opholdt jer i g\u00e5rden. Is\u00e6r skal I s\u00f8rge for at borde og stole flyttes fra gr\u00e6spl\u00e6nen ud i flise-omr\u00e5det igen, s\u00e5 gartner og vicev\u00e6rt kan komme til at sl\u00e5 gr\u00e6sset.<\/p>\n<p><strong>Bagd\u00f8re<\/strong><\/p>\n<p>Bagd\u00f8rene st\u00e5r meget tit \u00e5bne, fordi beboere s\u00e6tter m\u00e5tter, krukker eller lignende i klemme. Dette er selvf\u00f8lgelig ok, s\u00e5 l\u00e6nge man selv eller b\u00f8rn opholder sig i g\u00e5rden &#8211; men husk nu at lukke d\u00f8rene n\u00e5r I g\u00e5r op. D\u00f8rene er ikke lavet til at st\u00e5 \u00e5bne i regnvejr, s\u00e5 de bliver \u00f8delagt af det &#8211; og de er dyre. Derudover er en \u00e5ben d\u00f8r en direkte invitation til rotter, som <em>meget<\/em> gerne vil ned i k\u00e6lderen og bygge reder i jeres lune k\u00e6lderrum. S\u00e5 husk nu at lukke d\u00f8rene efter jer &#8211; og hvis andre opgange glemmer det, s\u00e5 hj\u00e6lp dem gerne med lige at f\u00e5 sm\u00e6kket d\u00f8ren, n\u00e5r du g\u00e5r igennem g\u00e5rden.<\/p>\n<p><strong>Husdyr i g\u00e5rden<\/strong><\/p>\n<p>Det er ikke tilladt at have hunde med i g\u00e5rden, heller ikke selvom de er i snor. Hunde m\u00e5 b\u00e6res eller f\u00f8lges ud gennem g\u00e5rden p\u00e5 vej p\u00e5 tur, men m\u00e5 ellers ikke opholde sig i g\u00e5rden. Dette er en beslutning truffet af beboerne i f\u00e6llesskab p\u00e5 generalforsamling, efter vi i en \u00e5rr\u00e6kke har haft problemer med hundelorte i g\u00e5rden og st\u00f8rre hunde som skr\u00e6mte b\u00f8rn i g\u00e5rden.<\/p>\n<p>Katte m\u00e5 gerne opholde sig i g\u00e5rden, s\u00e5 l\u00e6nge de er i snor.<\/p>\n<p><strong>Brug af g\u00e5rden til fester<\/strong><\/p>\n<p>Beboere er velkomne til at benytte g\u00e5rden til f\u00f8dseldage og lignende, men v\u00e6re opm\u00e6rksom p\u00e5 at g\u00e5rden ikke kan reserveres &#8211; det er f\u00f8rst til m\u00f8lle p\u00e5 de borde og stole der er. Hvis du holder fest i g\u00e5rden, s\u00e5 g\u00e6lder samme husorden som for fest i lejligheden, dvs der skal herske passende nattero kl 22. <\/p>\n","protected":false},"excerpt":{"rendered":"<p>Cykler i g\u00e5rden Det er ikke tilladt at parkere cykler i g\u00e5rden. Der er lejlighedsvis undtagelser, fx nyt\u00e5rsaften, distortion o.lign. Plantekasser De plantekasser der st\u00e5r i g\u00e5rden, er til fri afbenyttelse. Vis hensyn overfor andres planteprojekter. Byttehj\u00f8rnet Byttehj\u00f8rnet i tr\u00e6skuret ved storskrald, er til funktionelle, hele ting som andre kan f\u00e5 gl\u00e6de af. S\u00f8g venligst [&hellip;]<\/p>\n","protected":false},"author":1,"featured_media":0,"parent":80,"menu_order":0,"comment_status":"closed","ping_status":"closed","template":"","meta":{"footnotes":""},"class_list":["post-89","page","type-page","status-publish","czr-hentry"],"_links":{"self":[{"href":"https:\/\/www.abbisp.dk\/index.php\/wp-json\/wp\/v2\/pages\/89","targetHints":{"allow":["GET"]}}],"collection":[{"href":"https:\/\/www.abbisp.dk\/index.php\/wp-json\/wp\/v2\/pages"}],"about":[{"href":"https:\/\/www.abbisp.dk\/index.php\/wp-json\/wp\/v2\/types\/page"}],"author":[{"embeddable":true,"href":"https:\/\/www.abbisp.dk\/index.php\/wp-json\/wp\/v2\/users\/1"}],"replies":[{"embeddable":true,"href":"https:\/\/www.abbisp.dk\/index.php\/wp-json\/wp\/v2\/comments?post=89"}],"version-history":[{"count":9,"href":"https:\/\/www.abbisp.dk\/index.php\/wp-json\/wp\/v2\/pages\/89\/revisions"}],"predecessor-version":[{"id":233,"href":"https:\/\/www.abbisp.dk\/index.php\/wp-json\/wp\/v2\/pages\/89\/revisions\/233"}],"up":[{"embeddable":true,"href":"https:\/\/www.abbisp.dk\/index.php\/wp-json\/wp\/v2\/pages\/80"}],"wp:attachment":[{"href":"https:\/\/www.abbisp.dk\/index.php\/wp-json\/wp\/v2\/media?parent=89"}],"curies":[{"name":"wp","href":"https:\/\/api.w.org\/{rel}","templated":true}]}}