{"id":91,"date":"2018-02-16T21:35:22","date_gmt":"2018-02-16T21:35:22","guid":{"rendered":"http:\/\/test.abbisp.dk\/?page_id=91"},"modified":"2018-02-17T21:54:15","modified_gmt":"2018-02-17T20:54:15","slug":"brandsikring","status":"publish","type":"page","link":"https:\/\/www.abbisp.dk\/index.php\/beboerhandbog\/brandsikring\/","title":{"rendered":"Brandsikring"},"content":{"rendered":"<p><strong>For- og bagtrapper<\/strong><\/p>\n<p>Der m\u00e5 ikke st\u00e5 ting p\u00e5 hverken fortrapper, bagtrapper, reposer eller indgangspartier. Dette er et brandhensyn, da barnevogne, cykler, sko og t\u00f8j udvikler meget r\u00f8g hvis der skulle udbryde brand. Den kraftigere r\u00f8gudvikling g\u00f8r det ekstra sv\u00e6rt at redde sig selv og andre ud af bygningen &#8211; og det kan koste liv.<\/p>\n<p><strong>K\u00e6lder- og bagd\u00f8re<\/strong><\/p>\n<p>Alle k\u00e6lderd\u00f8re og bagd\u00f8re er udstyret med fjederlukning, for at undg\u00e5 tr\u00e6k &#8211; skorstenseffekt &#8211; fra k\u00e6lder eller g\u00e5rd, i tilf\u00e6lde af brand. D\u00f8rene m\u00e5 derfor ikke holdes \u00e5bne, da det vil g\u00f8re en evt brand meget kraftigere. S\u00f8rg venligst for at lukke disse d\u00f8re hvis du ser at de st\u00e5r \u00e5bne.<\/p>\n<p><strong>R\u00f8glem p\u00e5 fortrappen<\/strong><\/p>\n<p>Alle opgange er udstyret med automatisk r\u00f8glem i taget, som \u00e5bner n\u00e5r r\u00f8galarmen aktiveres. R\u00f8glemmen kan ikke lukkes manuelt &#8211; og du \u00f8del\u00e6gger mekanismen hvis du pr\u00f8ver. Hvis r\u00f8galarmen udl\u00f8ses ved en fejl, skal den nulstilles i skabet nede ved gaded\u00f8ren. Vicev\u00e6rten har n\u00f8glen til skabet.<\/p>\n","protected":false},"excerpt":{"rendered":"<p>For- og bagtrapper Der m\u00e5 ikke st\u00e5 ting p\u00e5 hverken fortrapper, bagtrapper, reposer eller indgangspartier. Dette er et brandhensyn, da barnevogne, cykler, sko og t\u00f8j udvikler meget r\u00f8g hvis der skulle udbryde brand. Den kraftigere r\u00f8gudvikling g\u00f8r det ekstra sv\u00e6rt at redde sig selv og andre ud af bygningen &#8211; og det kan koste liv. [&hellip;]<\/p>\n","protected":false},"author":1,"featured_media":0,"parent":80,"menu_order":0,"comment_status":"closed","ping_status":"closed","template":"","meta":{"footnotes":""},"class_list":["post-91","page","type-page","status-publish","czr-hentry"],"_links":{"self":[{"href":"https:\/\/www.abbisp.dk\/index.php\/wp-json\/wp\/v2\/pages\/91","targetHints":{"allow":["GET"]}}],"collection":[{"href":"https:\/\/www.abbisp.dk\/index.php\/wp-json\/wp\/v2\/pages"}],"about":[{"href":"https:\/\/www.abbisp.dk\/index.php\/wp-json\/wp\/v2\/types\/page"}],"author":[{"embeddable":true,"href":"https:\/\/www.abbisp.dk\/index.php\/wp-json\/wp\/v2\/users\/1"}],"replies":[{"embeddable":true,"href":"https:\/\/www.abbisp.dk\/index.php\/wp-json\/wp\/v2\/comments?post=91"}],"version-history":[{"count":3,"href":"https:\/\/www.abbisp.dk\/index.php\/wp-json\/wp\/v2\/pages\/91\/revisions"}],"predecessor-version":[{"id":214,"href":"https:\/\/www.abbisp.dk\/index.php\/wp-json\/wp\/v2\/pages\/91\/revisions\/214"}],"up":[{"embeddable":true,"href":"https:\/\/www.abbisp.dk\/index.php\/wp-json\/wp\/v2\/pages\/80"}],"wp:attachment":[{"href":"https:\/\/www.abbisp.dk\/index.php\/wp-json\/wp\/v2\/media?parent=91"}],"curies":[{"name":"wp","href":"https:\/\/api.w.org\/{rel}","templated":true}]}}