{"id":93,"date":"2018-02-16T21:35:35","date_gmt":"2018-02-16T21:35:35","guid":{"rendered":"http:\/\/test.abbisp.dk\/?page_id=93"},"modified":"2018-02-17T01:18:52","modified_gmt":"2018-02-17T00:18:52","slug":"adgang","status":"publish","type":"page","link":"https:\/\/www.abbisp.dk\/index.php\/beboerhandbog\/adgang\/","title":{"rendered":"Adgang"},"content":{"rendered":"<p><strong>N\u00f8gler<\/strong><\/p>\n<p>N\u00f8gler til gaded\u00f8rene kan k\u00f8bes gennem <a href=\"index.php\/beboerhandbog\/vicevaert\/\">vicev\u00e6rten<\/a>, og koster 200kr\/stk.<\/p>\n<p>Det er systemn\u00f8gler, s\u00e5 du kan ikke f\u00e5 dem kopieret i den lokale h\u00e6lebar.<\/p>\n<p><strong>Adgang for post, reklamer o.lign<\/strong><\/p>\n<p>Vi har installeret <a href=\"https:\/\/bekey.dk\/\" rel=\"noopener\" target=\"_blank\">BeKey<\/a> tr\u00e5dl\u00f8s adgangssystem i alle gaded\u00f8re, som giver adgang til postbude, autoriserede reklameomdelere, Aarstiderne og mange andre.<\/p>\n<p>Generelt b\u00f8r beboere ikke have brug for at lukke reklamebude ind i opgangen, da de som sagt allerede har adgang via BeKey. Dem der ringer p\u00e5, er ofte uautoriserede omdelere, med grill\/ejendomsm\u00e6gler reklamer &#8211; eller ubudne g\u00e6ster som ikke har et legitimt \u00e6rinde i opgangen. I er meget velkomne til at afvise reklamebude n\u00e5r de ringer p\u00e5.<\/p>\n","protected":false},"excerpt":{"rendered":"<p>N\u00f8gler N\u00f8gler til gaded\u00f8rene kan k\u00f8bes gennem vicev\u00e6rten, og koster 200kr\/stk. Det er systemn\u00f8gler, s\u00e5 du kan ikke f\u00e5 dem kopieret i den lokale h\u00e6lebar. Adgang for post, reklamer o.lign Vi har installeret BeKey tr\u00e5dl\u00f8s adgangssystem i alle gaded\u00f8re, som giver adgang til postbude, autoriserede reklameomdelere, Aarstiderne og mange andre. Generelt b\u00f8r beboere ikke have [&hellip;]<\/p>\n","protected":false},"author":1,"featured_media":0,"parent":80,"menu_order":0,"comment_status":"closed","ping_status":"closed","template":"","meta":{"footnotes":""},"class_list":["post-93","page","type-page","status-publish","czr-hentry"],"_links":{"self":[{"href":"https:\/\/www.abbisp.dk\/index.php\/wp-json\/wp\/v2\/pages\/93","targetHints":{"allow":["GET"]}}],"collection":[{"href":"https:\/\/www.abbisp.dk\/index.php\/wp-json\/wp\/v2\/pages"}],"about":[{"href":"https:\/\/www.abbisp.dk\/index.php\/wp-json\/wp\/v2\/types\/page"}],"author":[{"embeddable":true,"href":"https:\/\/www.abbisp.dk\/index.php\/wp-json\/wp\/v2\/users\/1"}],"replies":[{"embeddable":true,"href":"https:\/\/www.abbisp.dk\/index.php\/wp-json\/wp\/v2\/comments?post=93"}],"version-history":[{"count":5,"href":"https:\/\/www.abbisp.dk\/index.php\/wp-json\/wp\/v2\/pages\/93\/revisions"}],"predecessor-version":[{"id":151,"href":"https:\/\/www.abbisp.dk\/index.php\/wp-json\/wp\/v2\/pages\/93\/revisions\/151"}],"up":[{"embeddable":true,"href":"https:\/\/www.abbisp.dk\/index.php\/wp-json\/wp\/v2\/pages\/80"}],"wp:attachment":[{"href":"https:\/\/www.abbisp.dk\/index.php\/wp-json\/wp\/v2\/media?parent=93"}],"curies":[{"name":"wp","href":"https:\/\/api.w.org\/{rel}","templated":true}]}}