{"id":97,"date":"2018-02-16T21:36:17","date_gmt":"2018-02-16T21:36:17","guid":{"rendered":"http:\/\/test.abbisp.dk\/?page_id=97"},"modified":"2018-02-19T10:20:58","modified_gmt":"2018-02-19T09:20:58","slug":"ombygning","status":"publish","type":"page","link":"https:\/\/www.abbisp.dk\/index.php\/beboerhandbog\/ombygning\/","title":{"rendered":"Ombygning"},"content":{"rendered":"<p><strong>K\u00f8replan, mindre ombygning<\/strong><\/p>\n<p><strong>K\u00f8replan, st\u00f8rre ombygning<\/strong><\/p>\n<p><strong>K\u00f8replan, sammenl\u00e6gning<\/strong><\/p>\n<p><strong>Orienter vicev\u00e6rten<\/strong><br \/>\nVicev\u00e6rt SKAL kontaktes <em>inden<\/em> ombygninger som involvere vand, varme eller gas! Vi har haft utroligt mange &#8220;uheld&#8221; med elendige h\u00e5ndv\u00e6rkere som ikke anede hvad de lavede, og som har skabt en masse ekstra arbejde for foreningen og manglende vand\/varme\/gas i en eller flere opgange. <strong>Alle<\/strong> der skal pille ved foreningens vand\/varme\/gas forsyning, skal derfor aftale det med vores <a href=\"http:\/\/www.abbisp.dk\/index.php\/beboerhandbog\/vicevaert\/\">vicev\u00e6rt<\/a>. Viev\u00e6rten kan instruere h\u00e5ndv\u00e6rkerne i hvordan de skal h\u00e5ndtere det arbejde de er sat til.<br \/>\nDenne procedure sparer vicev\u00e6rten for frustrationer, dine naboer for irritationer og ikke mindst dig for tid og penge fordi dine h\u00e5ndv\u00e6rkere f\u00e5r gjort det rigtigt f\u00f8rste gang.<\/p>\n","protected":false},"excerpt":{"rendered":"<p>K\u00f8replan, mindre ombygning K\u00f8replan, st\u00f8rre ombygning K\u00f8replan, sammenl\u00e6gning Orienter vicev\u00e6rten Vicev\u00e6rt SKAL kontaktes inden ombygninger som involvere vand, varme eller gas! Vi har haft utroligt mange &#8220;uheld&#8221; med elendige h\u00e5ndv\u00e6rkere som ikke anede hvad de lavede, og som har skabt en masse ekstra arbejde for foreningen og manglende vand\/varme\/gas i en eller flere opgange. Alle [&hellip;]<\/p>\n","protected":false},"author":1,"featured_media":0,"parent":80,"menu_order":0,"comment_status":"closed","ping_status":"closed","template":"","meta":{"footnotes":""},"class_list":["post-97","page","type-page","status-publish","czr-hentry"],"_links":{"self":[{"href":"https:\/\/www.abbisp.dk\/index.php\/wp-json\/wp\/v2\/pages\/97","targetHints":{"allow":["GET"]}}],"collection":[{"href":"https:\/\/www.abbisp.dk\/index.php\/wp-json\/wp\/v2\/pages"}],"about":[{"href":"https:\/\/www.abbisp.dk\/index.php\/wp-json\/wp\/v2\/types\/page"}],"author":[{"embeddable":true,"href":"https:\/\/www.abbisp.dk\/index.php\/wp-json\/wp\/v2\/users\/1"}],"replies":[{"embeddable":true,"href":"https:\/\/www.abbisp.dk\/index.php\/wp-json\/wp\/v2\/comments?post=97"}],"version-history":[{"count":6,"href":"https:\/\/www.abbisp.dk\/index.php\/wp-json\/wp\/v2\/pages\/97\/revisions"}],"predecessor-version":[{"id":234,"href":"https:\/\/www.abbisp.dk\/index.php\/wp-json\/wp\/v2\/pages\/97\/revisions\/234"}],"up":[{"embeddable":true,"href":"https:\/\/www.abbisp.dk\/index.php\/wp-json\/wp\/v2\/pages\/80"}],"wp:attachment":[{"href":"https:\/\/www.abbisp.dk\/index.php\/wp-json\/wp\/v2\/media?parent=97"}],"curies":[{"name":"wp","href":"https:\/\/api.w.org\/{rel}","templated":true}]}}